{"id":154,"date":"2014-06-29T13:07:45","date_gmt":"2014-06-29T13:07:45","guid":{"rendered":"http:\/\/demo.themegrill.com\/accelerate\/?page_id=154"},"modified":"2026-03-31T18:55:55","modified_gmt":"2026-03-31T17:55:55","slug":"contact","status":"publish","type":"page","link":"https:\/\/balaguergutierrez.es\/index.php\/contact\/","title":{"rendered":"Contactar"},"content":{"rendered":"\n<h1 class=\"wp-block-heading\">Contacto con tu corredor de seguros.<\/h1>\n\n\n\n<h2 class=\"wp-block-heading\">Estamos en Palma, pero trabajamos contigo est\u00e9s donde est\u00e9s<\/h2>\n\n\n\n<p>En Balaguer &amp; Guti\u00e9rrez te ofrecemos un asesoramiento cercano, profesional e independiente. Como corredores de seguros en Palma de Mallorca, analizamos tu situaci\u00f3n y buscamos la mejor soluci\u00f3n entre distintas compa\u00f1\u00edas, siempre pensando en tu tranquilidad y en la protecci\u00f3n de tu patrimonio.<\/p>\n\n\n\n<p>Puedes contactar con nosotros por tel\u00e9fono, WhatsApp o agendar una cita presencial o por Teams. Estaremos encantados de ayudarte, sin compromiso.<\/p>\n\n\n\n<figure class=\"wp-block-image size-large\"><img loading=\"lazy\" decoding=\"async\" width=\"1024\" height=\"512\" sizes=\"auto, (max-width: 1024px) 100vw, 1024px\" src=\"https:\/\/balaguergutierrez.es\/wp-content\/uploads\/2025\/04\/\u00a1Ahora-Balaguer-Gutierrez-en-tu-movil-20-x-10-cm-1024x512.webp\" alt=\"\" class=\"wp-image-1173\"\/><\/figure>\n\n\n\n<iframe src=\"https:\/\/www.google.com\/maps\/embed?pb=!1m18!1m12!1m3!1d3075.430868228324!2d2.6286476761464184!3d39.572438706592465!2m3!1f0!2f0!3f0!3m2!1i1024!2i768!4f13.1!3m3!1m2!1s0x1297925d5923384f%3A0x6155e8e28158f5ed!2sBalaguer%20%26%20Guti%C3%A9rrez%2C%20SL%20Corredur%C3%ADa%20de%20Seguros%20y%20Consultor%C3%ADa%20LOPD!5e0!3m2!1ses!2ses!4v1742242540947!5m2!1ses!2ses\" width=\"600\" height=\"450\" style=\"border:0;\" allowfullscreen=\"\" loading=\"lazy\" referrerpolicy=\"no-referrer-when-downgrade\"><\/iframe>\n\n\n\n<p>\ud83d\udc49 <em>\u201cAqu\u00ed no est\u00e1s llamando a una compa\u00f1\u00eda, est\u00e1s entrando en manos de alguien que te representa a ti.\u201d<\/em><\/p>\n\n\n\n<div class=\"wp-block-buttons is-content-justification-center is-layout-flex wp-container-core-buttons-is-layout-16018d1d wp-block-buttons-is-layout-flex\">\n<div class=\"wp-block-button\"><a class=\"wp-block-button__link has-white-color has-vivid-red-background-color has-text-color has-background has-link-color has-text-align-center wp-element-button\" href=\"https:\/\/outlook.office.com\/bookwithme\/user\/d067cf286ea94ad79a1915b27c53db14@balaguergutierrez.com?anonymous&amp;ep=plink\" target=\"_blank\" rel=\"noreferrer noopener\">Quiero una Cita<\/a><\/div>\n\n\n\n<div class=\"wp-block-button\"><a class=\"wp-block-button__link has-white-color has-vivid-red-background-color has-text-color has-background has-link-color wp-element-button\" href=\"mailto:info@balaguergutierrez.com?subject=Quiero%20m%C3%A1s%20informaci%C3%B3n%20sobre%3A\" target=\"_blank\" rel=\"noreferrer noopener\">Env\u00edanos un Correo<\/a><\/div>\n\n\n\n<div class=\"wp-block-button\"><a class=\"wp-block-button__link has-white-color has-vivid-red-background-color has-text-color has-background has-link-color wp-element-button\" href=\"https:\/\/wa.me\/34971451651\" target=\"_blank\" rel=\"noreferrer noopener\">Env\u00edanos un WhatsApp<\/a><\/div>\n<\/div>\n\n\n\n<p><\/p>\n","protected":false},"excerpt":{"rendered":"<p>Contacto con tu corredor de seguros. Estamos en Palma, pero trabajamos contigo est\u00e9s donde est\u00e9s En Balaguer &amp; Guti\u00e9rrez te ofrecemos un asesoramiento cercano, profesional e independiente. Como corredores de seguros en Palma de Mallorca, analizamos tu situaci\u00f3n y buscamos<\/p>\n","protected":false},"author":1,"featured_media":1317,"parent":0,"menu_order":0,"comment_status":"closed","ping_status":"closed","template":"page-templates\/contact.php","meta":{"footnotes":""},"class_list":["post-154","page","type-page","status-publish","has-post-thumbnail","hentry","","tg-column-third"],"yoast_head":"<!-- This site is optimized with the Yoast SEO plugin v27.4 - https:\/\/yoast.com\/product\/yoast-seo-wordpress\/ -->\n<title>Corredur\u00eda de Seguros en Palma | Contacto Balaguer &amp; Guti\u00e9rrez<\/title>\n<meta name=\"description\" content=\"Habla con un corredor de seguros. Estudiamos tu caso y te ofrecemos la mejor soluci\u00f3n en seguros. Atenci\u00f3n cercana y profesional.\" \/>\n<meta name=\"robots\" content=\"index, follow, max-snippet:-1, max-image-preview:large, max-video-preview:-1\" \/>\n<link rel=\"canonical\" href=\"https:\/\/balaguergutierrez.es\/index.php\/contact\/\" \/>\n<meta property=\"og:locale\" content=\"es_ES\" \/>\n<meta property=\"og:type\" content=\"article\" \/>\n<meta property=\"og:title\" content=\"Corredur\u00eda de Seguros en Palma | Contacto Balaguer &amp; Guti\u00e9rrez\" \/>\n<meta property=\"og:description\" content=\"Habla con un corredor de seguros. Estudiamos tu caso y te ofrecemos la mejor soluci\u00f3n en seguros. Atenci\u00f3n cercana y profesional.\" \/>\n<meta property=\"og:url\" content=\"https:\/\/balaguergutierrez.es\/index.php\/contact\/\" \/>\n<meta property=\"og:site_name\" content=\"balaguergutierrez.es\" \/>\n<meta property=\"article:publisher\" content=\"https:\/\/www.facebook.com\/balaguergutierrezcs\/\" \/>\n<meta property=\"article:modified_time\" content=\"2026-03-31T17:55:55+00:00\" \/>\n<meta property=\"og:image\" content=\"https:\/\/balaguergutierrez.es\/wp-content\/uploads\/2026\/01\/250804-BALAGUER-GUTIERREZ_MEME-RRSS-V2.webp\" \/>\n\t<meta property=\"og:image:width\" content=\"600\" \/>\n\t<meta property=\"og:image:height\" content=\"600\" \/>\n\t<meta property=\"og:image:type\" content=\"image\/jpeg\" \/>\n<meta name=\"twitter:label1\" content=\"Tiempo de lectura\" \/>\n\t<meta name=\"twitter:data1\" content=\"1 minuto\" \/>\n<script type=\"application\/ld+json\" class=\"yoast-schema-graph\">{\"@context\":\"https:\\\/\\\/schema.org\",\"@graph\":[{\"@type\":\"WebPage\",\"@id\":\"https:\\\/\\\/balaguergutierrez.es\\\/index.php\\\/contact\\\/\",\"url\":\"https:\\\/\\\/balaguergutierrez.es\\\/index.php\\\/contact\\\/\",\"name\":\"Corredur\u00eda de Seguros en Palma | Contacto Balaguer & Guti\u00e9rrez\",\"isPartOf\":{\"@id\":\"https:\\\/\\\/balaguergutierrez.es\\\/#website\"},\"primaryImageOfPage\":{\"@id\":\"https:\\\/\\\/balaguergutierrez.es\\\/index.php\\\/contact\\\/#primaryimage\"},\"image\":{\"@id\":\"https:\\\/\\\/balaguergutierrez.es\\\/index.php\\\/contact\\\/#primaryimage\"},\"thumbnailUrl\":\"https:\\\/\\\/balaguergutierrez.es\\\/wp-content\\\/uploads\\\/2026\\\/01\\\/250804-BALAGUER-GUTIERREZ_MEME-RRSS-V2.webp\",\"datePublished\":\"2014-06-29T13:07:45+00:00\",\"dateModified\":\"2026-03-31T17:55:55+00:00\",\"description\":\"Habla con un corredor de seguros. Estudiamos tu caso y te ofrecemos la mejor soluci\u00f3n en seguros. Atenci\u00f3n cercana y profesional.\",\"breadcrumb\":{\"@id\":\"https:\\\/\\\/balaguergutierrez.es\\\/index.php\\\/contact\\\/#breadcrumb\"},\"inLanguage\":\"es\",\"potentialAction\":[{\"@type\":\"ReadAction\",\"target\":[\"https:\\\/\\\/balaguergutierrez.es\\\/index.php\\\/contact\\\/\"]}]},{\"@type\":\"ImageObject\",\"inLanguage\":\"es\",\"@id\":\"https:\\\/\\\/balaguergutierrez.es\\\/index.php\\\/contact\\\/#primaryimage\",\"url\":\"https:\\\/\\\/balaguergutierrez.es\\\/wp-content\\\/uploads\\\/2026\\\/01\\\/250804-BALAGUER-GUTIERREZ_MEME-RRSS-V2.webp\",\"contentUrl\":\"https:\\\/\\\/balaguergutierrez.es\\\/wp-content\\\/uploads\\\/2026\\\/01\\\/250804-BALAGUER-GUTIERREZ_MEME-RRSS-V2.webp\",\"width\":600,\"height\":600,\"caption\":\"\u00danico n\u00famero de contacto (+34 971 451 651) y App de cliente de Balaguer & Guti\u00e9rrez en Palma de Mallorca\"},{\"@type\":\"BreadcrumbList\",\"@id\":\"https:\\\/\\\/balaguergutierrez.es\\\/index.php\\\/contact\\\/#breadcrumb\",\"itemListElement\":[{\"@type\":\"ListItem\",\"position\":1,\"name\":\"Portada\",\"item\":\"https:\\\/\\\/balaguergutierrez.es\\\/\"},{\"@type\":\"ListItem\",\"position\":2,\"name\":\"Contactar\"}]},{\"@type\":\"WebSite\",\"@id\":\"https:\\\/\\\/balaguergutierrez.es\\\/#website\",\"url\":\"https:\\\/\\\/balaguergutierrez.es\\\/\",\"name\":\"Balaguer & Guti\u00e9rrez, Corredur\u00eda de Seguros\",\"description\":\"Aseguramos lo que de verdad importa\",\"publisher\":{\"@id\":\"https:\\\/\\\/balaguergutierrez.es\\\/#organization\"},\"potentialAction\":[{\"@type\":\"SearchAction\",\"target\":{\"@type\":\"EntryPoint\",\"urlTemplate\":\"https:\\\/\\\/balaguergutierrez.es\\\/?s={search_term_string}\"},\"query-input\":{\"@type\":\"PropertyValueSpecification\",\"valueRequired\":true,\"valueName\":\"search_term_string\"}}],\"inLanguage\":\"es\"},{\"@type\":\"Organization\",\"@id\":\"https:\\\/\\\/balaguergutierrez.es\\\/#organization\",\"name\":\"Balaguer & Guti\u00e9rrez SL\",\"url\":\"https:\\\/\\\/balaguergutierrez.es\\\/\",\"logo\":{\"@type\":\"ImageObject\",\"inLanguage\":\"es\",\"@id\":\"https:\\\/\\\/balaguergutierrez.es\\\/#\\\/schema\\\/logo\\\/image\\\/\",\"url\":\"https:\\\/\\\/balaguergutierrez.es\\\/wp-content\\\/uploads\\\/2023\\\/03\\\/bg2014-Personalizado-1.png\",\"contentUrl\":\"https:\\\/\\\/balaguergutierrez.es\\\/wp-content\\\/uploads\\\/2023\\\/03\\\/bg2014-Personalizado-1.png\",\"width\":300,\"height\":56,\"caption\":\"Balaguer & Guti\u00e9rrez SL\"},\"image\":{\"@id\":\"https:\\\/\\\/balaguergutierrez.es\\\/#\\\/schema\\\/logo\\\/image\\\/\"},\"sameAs\":[\"https:\\\/\\\/www.facebook.com\\\/balaguergutierrezcs\\\/\",\"https:\\\/\\\/www.instagram.com\\\/balaguergutierrezsl\\\/\"]}]}<\/script>\n<!-- \/ Yoast SEO plugin. -->","yoast_head_json":{"title":"Corredur\u00eda de Seguros en Palma | Contacto Balaguer & Guti\u00e9rrez","description":"Habla con un corredor de seguros. Estudiamos tu caso y te ofrecemos la mejor soluci\u00f3n en seguros. Atenci\u00f3n cercana y profesional.","robots":{"index":"index","follow":"follow","max-snippet":"max-snippet:-1","max-image-preview":"max-image-preview:large","max-video-preview":"max-video-preview:-1"},"canonical":"https:\/\/balaguergutierrez.es\/index.php\/contact\/","og_locale":"es_ES","og_type":"article","og_title":"Corredur\u00eda de Seguros en Palma | Contacto Balaguer & Guti\u00e9rrez","og_description":"Habla con un corredor de seguros. Estudiamos tu caso y te ofrecemos la mejor soluci\u00f3n en seguros. Atenci\u00f3n cercana y profesional.","og_url":"https:\/\/balaguergutierrez.es\/index.php\/contact\/","og_site_name":"balaguergutierrez.es","article_publisher":"https:\/\/www.facebook.com\/balaguergutierrezcs\/","article_modified_time":"2026-03-31T17:55:55+00:00","og_image":[{"width":600,"height":600,"url":"https:\/\/balaguergutierrez.es\/wp-content\/uploads\/2026\/01\/250804-BALAGUER-GUTIERREZ_MEME-RRSS-V2.webp","type":"image\/jpeg"}],"twitter_misc":{"Tiempo de lectura":"1 minuto"},"schema":{"@context":"https:\/\/schema.org","@graph":[{"@type":"WebPage","@id":"https:\/\/balaguergutierrez.es\/index.php\/contact\/","url":"https:\/\/balaguergutierrez.es\/index.php\/contact\/","name":"Corredur\u00eda de Seguros en Palma | Contacto Balaguer & Guti\u00e9rrez","isPartOf":{"@id":"https:\/\/balaguergutierrez.es\/#website"},"primaryImageOfPage":{"@id":"https:\/\/balaguergutierrez.es\/index.php\/contact\/#primaryimage"},"image":{"@id":"https:\/\/balaguergutierrez.es\/index.php\/contact\/#primaryimage"},"thumbnailUrl":"https:\/\/balaguergutierrez.es\/wp-content\/uploads\/2026\/01\/250804-BALAGUER-GUTIERREZ_MEME-RRSS-V2.webp","datePublished":"2014-06-29T13:07:45+00:00","dateModified":"2026-03-31T17:55:55+00:00","description":"Habla con un corredor de seguros. Estudiamos tu caso y te ofrecemos la mejor soluci\u00f3n en seguros. Atenci\u00f3n cercana y profesional.","breadcrumb":{"@id":"https:\/\/balaguergutierrez.es\/index.php\/contact\/#breadcrumb"},"inLanguage":"es","potentialAction":[{"@type":"ReadAction","target":["https:\/\/balaguergutierrez.es\/index.php\/contact\/"]}]},{"@type":"ImageObject","inLanguage":"es","@id":"https:\/\/balaguergutierrez.es\/index.php\/contact\/#primaryimage","url":"https:\/\/balaguergutierrez.es\/wp-content\/uploads\/2026\/01\/250804-BALAGUER-GUTIERREZ_MEME-RRSS-V2.webp","contentUrl":"https:\/\/balaguergutierrez.es\/wp-content\/uploads\/2026\/01\/250804-BALAGUER-GUTIERREZ_MEME-RRSS-V2.webp","width":600,"height":600,"caption":"\u00danico n\u00famero de contacto (+34 971 451 651) y App de cliente de Balaguer & Guti\u00e9rrez en Palma de Mallorca"},{"@type":"BreadcrumbList","@id":"https:\/\/balaguergutierrez.es\/index.php\/contact\/#breadcrumb","itemListElement":[{"@type":"ListItem","position":1,"name":"Portada","item":"https:\/\/balaguergutierrez.es\/"},{"@type":"ListItem","position":2,"name":"Contactar"}]},{"@type":"WebSite","@id":"https:\/\/balaguergutierrez.es\/#website","url":"https:\/\/balaguergutierrez.es\/","name":"Balaguer & Guti\u00e9rrez, Corredur\u00eda de Seguros","description":"Aseguramos lo que de verdad importa","publisher":{"@id":"https:\/\/balaguergutierrez.es\/#organization"},"potentialAction":[{"@type":"SearchAction","target":{"@type":"EntryPoint","urlTemplate":"https:\/\/balaguergutierrez.es\/?s={search_term_string}"},"query-input":{"@type":"PropertyValueSpecification","valueRequired":true,"valueName":"search_term_string"}}],"inLanguage":"es"},{"@type":"Organization","@id":"https:\/\/balaguergutierrez.es\/#organization","name":"Balaguer & Guti\u00e9rrez SL","url":"https:\/\/balaguergutierrez.es\/","logo":{"@type":"ImageObject","inLanguage":"es","@id":"https:\/\/balaguergutierrez.es\/#\/schema\/logo\/image\/","url":"https:\/\/balaguergutierrez.es\/wp-content\/uploads\/2023\/03\/bg2014-Personalizado-1.png","contentUrl":"https:\/\/balaguergutierrez.es\/wp-content\/uploads\/2023\/03\/bg2014-Personalizado-1.png","width":300,"height":56,"caption":"Balaguer & Guti\u00e9rrez SL"},"image":{"@id":"https:\/\/balaguergutierrez.es\/#\/schema\/logo\/image\/"},"sameAs":["https:\/\/www.facebook.com\/balaguergutierrezcs\/","https:\/\/www.instagram.com\/balaguergutierrezsl\/"]}]}},"_links":{"self":[{"href":"https:\/\/balaguergutierrez.es\/index.php\/wp-json\/wp\/v2\/pages\/154","targetHints":{"allow":["GET"]}}],"collection":[{"href":"https:\/\/balaguergutierrez.es\/index.php\/wp-json\/wp\/v2\/pages"}],"about":[{"href":"https:\/\/balaguergutierrez.es\/index.php\/wp-json\/wp\/v2\/types\/page"}],"author":[{"embeddable":true,"href":"https:\/\/balaguergutierrez.es\/index.php\/wp-json\/wp\/v2\/users\/1"}],"replies":[{"embeddable":true,"href":"https:\/\/balaguergutierrez.es\/index.php\/wp-json\/wp\/v2\/comments?post=154"}],"version-history":[{"count":7,"href":"https:\/\/balaguergutierrez.es\/index.php\/wp-json\/wp\/v2\/pages\/154\/revisions"}],"predecessor-version":[{"id":1370,"href":"https:\/\/balaguergutierrez.es\/index.php\/wp-json\/wp\/v2\/pages\/154\/revisions\/1370"}],"wp:featuredmedia":[{"embeddable":true,"href":"https:\/\/balaguergutierrez.es\/index.php\/wp-json\/wp\/v2\/media\/1317"}],"wp:attachment":[{"href":"https:\/\/balaguergutierrez.es\/index.php\/wp-json\/wp\/v2\/media?parent=154"}],"curies":[{"name":"wp","href":"https:\/\/api.w.org\/{rel}","templated":true}]}}