{"id":623,"date":"2024-02-18T18:31:19","date_gmt":"2024-02-18T18:31:19","guid":{"rendered":"https:\/\/brave-visvesvaraya.82-223-114-116.plesk.page\/?page_id=623"},"modified":"2025-03-08T17:39:02","modified_gmt":"2025-03-08T16:39:02","slug":"sobre-nosotros","status":"publish","type":"page","link":"https:\/\/balaguergutierrez.es\/index.php\/sobre-nosotros\/","title":{"rendered":"Sobre Nosotros"},"content":{"rendered":"\n<figure class=\"wp-block-image size-full\"><img loading=\"lazy\" decoding=\"async\" width=\"700\" height=\"201\" sizes=\"auto, (max-width: 700px) 100vw, 700px\" src=\"https:\/\/balaguergutierrez.es\/wp-content\/uploads\/2025\/03\/equipo-balaguer-gutierrez-oficina.jpg-e1741451326621.webp\" alt=\"Equipo de Balaguer &amp; Guti\u00e9rrez en su oficina privada en Mallorca, trabajando en asesoramiento de seguros y consultor\u00eda\" class=\"wp-image-1077\" srcset=\"https:\/\/balaguergutierrez.es\/wp-content\/uploads\/2025\/03\/equipo-balaguer-gutierrez-oficina.jpg-e1741451326621.webp 700w, https:\/\/balaguergutierrez.es\/wp-content\/uploads\/2025\/03\/equipo-balaguer-gutierrez-oficina.jpg-e1741451326621-300x86.webp 300w\" \/><\/figure>\n\n\n\n<h2 class=\"wp-block-heading\"><strong>\u00bfQui\u00e9nes Somos?<\/strong><\/h2>\n\n\n\n<p>En <strong>Balaguer &amp; Guti\u00e9rrez<\/strong> no solo cumplimos con nuestra labor como corredur\u00eda de seguros en Mallorca, sino que nos comprometemos a ofrecer un servicio basado en la cercan\u00eda y la confianza. Nuestro objetivo es facilitar el acceso a soluciones aseguradoras eficientes y adaptadas a cada persona o empresa, garantizando siempre un asesoramiento independiente y transparente.<\/p>\n\n\n\n<h2 class=\"wp-block-heading\"><strong>\u00bfPor Qu\u00e9 Elegirnos?<\/strong><\/h2>\n\n\n\n<p>Sabemos que elegir un seguro es una decisi\u00f3n importante. A diferencia de las compa\u00f1\u00edas aseguradoras o los bancos, nosotros <strong>trabajamos para ti<\/strong>, no para una aseguradora en particular. Analizamos el mercado y encontramos la opci\u00f3n que realmente se ajusta a tus necesidades, sin compromisos con ninguna entidad.<\/p>\n\n\n\n<h2 class=\"wp-block-heading\"><strong>Nuestro Enfoque Personalizado<\/strong><\/h2>\n\n\n\n<p>Cada cliente es \u00fanico, por eso en Balaguer &amp; Guti\u00e9rrez apostamos por un servicio <strong>totalmente personalizado<\/strong>. Escuchamos, analizamos y proponemos soluciones a medida, con un seguimiento continuo para asegurarnos de que siempre cuentes con la mejor cobertura posible.<\/p>\n\n\n\n<h2 class=\"wp-block-heading\"><strong>De acuerdo al RD-Ley 03\/2020, de 4 de febrero, le informamos que<\/strong><\/h2>\n\n\n\n<ul class=\"wp-block-list\">\n<li><strong>Balaguer &amp; Guti\u00e9rrez SL<\/strong>, Corredur\u00eda\u00a0de Seguros inscrita en el Registre Administratiu Especial de Mediadors d\u00a0Assegurances de les Illes Balears con N\u00ba IB-S-066-MA, con\u00a0NIF B57797276\u00a0y domicilio en Palma de Mallorca, C\/ Bartomeu Rossello-P\u00f2rcel 10, carece de v\u00ednculos de participaci\u00f3n con compa\u00f1\u00edas aseguradoras;<\/li>\n\n\n\n<li>nuestro asesoramiento se realiza sobre la base del an\u00e1lisis de un n\u00famero suficiente de contratos de seguro para poder formularle una recomendaci\u00f3n profesional respecto del contrato m\u00e1s adecuado a sus necesidades;<\/li>\n\n\n\n<li>disponemos, as\u00edmismo, de un Departamento de Atenci\u00f3n al Cliente al que se puede acudir en caso de queja o reclamaci\u00f3n por nuestro servicio; dirigi\u00e9ndose por escrito a: Departamento de Atenci\u00f3n al Cliente &#8211; E2K global Bussines Solutions SA &#8211; C\/ Marzo 23 &#8211; 02002 &#8211; Albacete. O&nbsp; bien accediendo a la web:&nbsp;<a href=\"http:\/\/e2kglobal.com\/atencion-al-cliente\/\" target=\"_blank\" rel=\"noreferrer noopener\">http:\/\/e2kglobal.com\/atencion-al-cliente\/<\/a><\/li>\n\n\n\n<li>tenemos contratada p\u00f3liza de responsabilidad civil en vigor con Lloyd s of London por los importes legalmente establecidos y capacidad financiera conforme a la Ley.<\/li>\n<\/ul>\n\n\n\n<p><\/p>\n","protected":false},"excerpt":{"rendered":"<p>\u00bfQui\u00e9nes Somos? En Balaguer &amp; Guti\u00e9rrez no solo cumplimos con nuestra labor como corredur\u00eda de seguros en Mallorca, sino que nos comprometemos a ofrecer un servicio basado en la cercan\u00eda y la confianza. Nuestro objetivo es facilitar el acceso a<\/p>\n","protected":false},"author":1,"featured_media":1077,"parent":0,"menu_order":0,"comment_status":"closed","ping_status":"closed","template":"","meta":{"footnotes":""},"class_list":["post-623","page","type-page","status-publish","has-post-thumbnail","hentry","","tg-column-third"],"yoast_head":"<!-- This site is optimized with the Yoast SEO plugin v27.4 - https:\/\/yoast.com\/product\/yoast-seo-wordpress\/ -->\n<title>Sobre Nosotros - balaguergutierrez.es<\/title>\n<meta name=\"description\" content=\"BConoce a Balaguer &amp; Guti\u00e9rrez, corredur\u00eda de seguros en Mallorca. Ofrecemos un servicio personalizado, transparente y sin compromisos con aseguradoras. Descubre qui\u00e9nes somos y c\u00f3mo podemos ayudarte.\" \/>\n<meta name=\"robots\" content=\"index, follow, max-snippet:-1, max-image-preview:large, max-video-preview:-1\" \/>\n<link rel=\"canonical\" href=\"https:\/\/balaguergutierrez.es\/index.php\/sobre-nosotros\/\" \/>\n<meta property=\"og:locale\" content=\"es_ES\" \/>\n<meta property=\"og:type\" content=\"article\" \/>\n<meta property=\"og:title\" content=\"Sobre Nosotros - balaguergutierrez.es\" \/>\n<meta property=\"og:description\" content=\"BConoce a Balaguer &amp; Guti\u00e9rrez, corredur\u00eda de seguros en Mallorca. Ofrecemos un servicio personalizado, transparente y sin compromisos con aseguradoras. Descubre qui\u00e9nes somos y c\u00f3mo podemos ayudarte.\" \/>\n<meta property=\"og:url\" content=\"https:\/\/balaguergutierrez.es\/index.php\/sobre-nosotros\/\" \/>\n<meta property=\"og:site_name\" content=\"balaguergutierrez.es\" \/>\n<meta property=\"article:publisher\" content=\"https:\/\/www.facebook.com\/balaguergutierrezcs\/\" \/>\n<meta property=\"article:modified_time\" content=\"2025-03-08T16:39:02+00:00\" \/>\n<meta property=\"og:image\" content=\"https:\/\/balaguergutierrez.es\/wp-content\/uploads\/2025\/03\/equipo-balaguer-gutierrez-oficina.jpg-e1741451326621.webp\" \/>\n\t<meta property=\"og:image:width\" content=\"700\" \/>\n\t<meta property=\"og:image:height\" content=\"201\" \/>\n\t<meta property=\"og:image:type\" content=\"image\/webp\" \/>\n<meta name=\"twitter:label1\" content=\"Tiempo de lectura\" \/>\n\t<meta name=\"twitter:data1\" content=\"2 minutos\" \/>\n<script type=\"application\/ld+json\" class=\"yoast-schema-graph\">{\"@context\":\"https:\\\/\\\/schema.org\",\"@graph\":[{\"@type\":\"WebPage\",\"@id\":\"https:\\\/\\\/balaguergutierrez.es\\\/index.php\\\/sobre-nosotros\\\/\",\"url\":\"https:\\\/\\\/balaguergutierrez.es\\\/index.php\\\/sobre-nosotros\\\/\",\"name\":\"Sobre Nosotros - balaguergutierrez.es\",\"isPartOf\":{\"@id\":\"https:\\\/\\\/balaguergutierrez.es\\\/#website\"},\"primaryImageOfPage\":{\"@id\":\"https:\\\/\\\/balaguergutierrez.es\\\/index.php\\\/sobre-nosotros\\\/#primaryimage\"},\"image\":{\"@id\":\"https:\\\/\\\/balaguergutierrez.es\\\/index.php\\\/sobre-nosotros\\\/#primaryimage\"},\"thumbnailUrl\":\"https:\\\/\\\/balaguergutierrez.es\\\/wp-content\\\/uploads\\\/2025\\\/03\\\/equipo-balaguer-gutierrez-oficina.jpg-e1741451326621.webp\",\"datePublished\":\"2024-02-18T18:31:19+00:00\",\"dateModified\":\"2025-03-08T16:39:02+00:00\",\"description\":\"BConoce a Balaguer & Guti\u00e9rrez, corredur\u00eda de seguros en Mallorca. Ofrecemos un servicio personalizado, transparente y sin compromisos con aseguradoras. Descubre qui\u00e9nes somos y c\u00f3mo podemos ayudarte.\",\"breadcrumb\":{\"@id\":\"https:\\\/\\\/balaguergutierrez.es\\\/index.php\\\/sobre-nosotros\\\/#breadcrumb\"},\"inLanguage\":\"es\",\"potentialAction\":[{\"@type\":\"ReadAction\",\"target\":[\"https:\\\/\\\/balaguergutierrez.es\\\/index.php\\\/sobre-nosotros\\\/\"]}]},{\"@type\":\"ImageObject\",\"inLanguage\":\"es\",\"@id\":\"https:\\\/\\\/balaguergutierrez.es\\\/index.php\\\/sobre-nosotros\\\/#primaryimage\",\"url\":\"https:\\\/\\\/balaguergutierrez.es\\\/wp-content\\\/uploads\\\/2025\\\/03\\\/equipo-balaguer-gutierrez-oficina.jpg-e1741451326621.webp\",\"contentUrl\":\"https:\\\/\\\/balaguergutierrez.es\\\/wp-content\\\/uploads\\\/2025\\\/03\\\/equipo-balaguer-gutierrez-oficina.jpg-e1741451326621.webp\",\"width\":700,\"height\":201,\"caption\":\"Equipo de Balaguer & Guti\u00e9rrez en su oficina privada en Mallorca, trabajando en asesoramiento de seguros y consultor\u00eda\"},{\"@type\":\"BreadcrumbList\",\"@id\":\"https:\\\/\\\/balaguergutierrez.es\\\/index.php\\\/sobre-nosotros\\\/#breadcrumb\",\"itemListElement\":[{\"@type\":\"ListItem\",\"position\":1,\"name\":\"Portada\",\"item\":\"https:\\\/\\\/balaguergutierrez.es\\\/\"},{\"@type\":\"ListItem\",\"position\":2,\"name\":\"Sobre Nosotros\"}]},{\"@type\":\"WebSite\",\"@id\":\"https:\\\/\\\/balaguergutierrez.es\\\/#website\",\"url\":\"https:\\\/\\\/balaguergutierrez.es\\\/\",\"name\":\"Balaguer & Guti\u00e9rrez, Corredur\u00eda de Seguros\",\"description\":\"Aseguramos lo que de verdad importa\",\"publisher\":{\"@id\":\"https:\\\/\\\/balaguergutierrez.es\\\/#organization\"},\"potentialAction\":[{\"@type\":\"SearchAction\",\"target\":{\"@type\":\"EntryPoint\",\"urlTemplate\":\"https:\\\/\\\/balaguergutierrez.es\\\/?s={search_term_string}\"},\"query-input\":{\"@type\":\"PropertyValueSpecification\",\"valueRequired\":true,\"valueName\":\"search_term_string\"}}],\"inLanguage\":\"es\"},{\"@type\":\"Organization\",\"@id\":\"https:\\\/\\\/balaguergutierrez.es\\\/#organization\",\"name\":\"Balaguer & Guti\u00e9rrez SL\",\"url\":\"https:\\\/\\\/balaguergutierrez.es\\\/\",\"logo\":{\"@type\":\"ImageObject\",\"inLanguage\":\"es\",\"@id\":\"https:\\\/\\\/balaguergutierrez.es\\\/#\\\/schema\\\/logo\\\/image\\\/\",\"url\":\"https:\\\/\\\/balaguergutierrez.es\\\/wp-content\\\/uploads\\\/2023\\\/03\\\/bg2014-Personalizado-1.png\",\"contentUrl\":\"https:\\\/\\\/balaguergutierrez.es\\\/wp-content\\\/uploads\\\/2023\\\/03\\\/bg2014-Personalizado-1.png\",\"width\":300,\"height\":56,\"caption\":\"Balaguer & Guti\u00e9rrez SL\"},\"image\":{\"@id\":\"https:\\\/\\\/balaguergutierrez.es\\\/#\\\/schema\\\/logo\\\/image\\\/\"},\"sameAs\":[\"https:\\\/\\\/www.facebook.com\\\/balaguergutierrezcs\\\/\",\"https:\\\/\\\/www.instagram.com\\\/balaguergutierrezsl\\\/\"]}]}<\/script>\n<!-- \/ Yoast SEO plugin. -->","yoast_head_json":{"title":"Sobre Nosotros - balaguergutierrez.es","description":"BConoce a Balaguer & Guti\u00e9rrez, corredur\u00eda de seguros en Mallorca. Ofrecemos un servicio personalizado, transparente y sin compromisos con aseguradoras. Descubre qui\u00e9nes somos y c\u00f3mo podemos ayudarte.","robots":{"index":"index","follow":"follow","max-snippet":"max-snippet:-1","max-image-preview":"max-image-preview:large","max-video-preview":"max-video-preview:-1"},"canonical":"https:\/\/balaguergutierrez.es\/index.php\/sobre-nosotros\/","og_locale":"es_ES","og_type":"article","og_title":"Sobre Nosotros - balaguergutierrez.es","og_description":"BConoce a Balaguer & Guti\u00e9rrez, corredur\u00eda de seguros en Mallorca. Ofrecemos un servicio personalizado, transparente y sin compromisos con aseguradoras. Descubre qui\u00e9nes somos y c\u00f3mo podemos ayudarte.","og_url":"https:\/\/balaguergutierrez.es\/index.php\/sobre-nosotros\/","og_site_name":"balaguergutierrez.es","article_publisher":"https:\/\/www.facebook.com\/balaguergutierrezcs\/","article_modified_time":"2025-03-08T16:39:02+00:00","og_image":[{"width":700,"height":201,"url":"https:\/\/balaguergutierrez.es\/wp-content\/uploads\/2025\/03\/equipo-balaguer-gutierrez-oficina.jpg-e1741451326621.webp","type":"image\/webp"}],"twitter_misc":{"Tiempo de lectura":"2 minutos"},"schema":{"@context":"https:\/\/schema.org","@graph":[{"@type":"WebPage","@id":"https:\/\/balaguergutierrez.es\/index.php\/sobre-nosotros\/","url":"https:\/\/balaguergutierrez.es\/index.php\/sobre-nosotros\/","name":"Sobre Nosotros - balaguergutierrez.es","isPartOf":{"@id":"https:\/\/balaguergutierrez.es\/#website"},"primaryImageOfPage":{"@id":"https:\/\/balaguergutierrez.es\/index.php\/sobre-nosotros\/#primaryimage"},"image":{"@id":"https:\/\/balaguergutierrez.es\/index.php\/sobre-nosotros\/#primaryimage"},"thumbnailUrl":"https:\/\/balaguergutierrez.es\/wp-content\/uploads\/2025\/03\/equipo-balaguer-gutierrez-oficina.jpg-e1741451326621.webp","datePublished":"2024-02-18T18:31:19+00:00","dateModified":"2025-03-08T16:39:02+00:00","description":"BConoce a Balaguer & Guti\u00e9rrez, corredur\u00eda de seguros en Mallorca. Ofrecemos un servicio personalizado, transparente y sin compromisos con aseguradoras. Descubre qui\u00e9nes somos y c\u00f3mo podemos ayudarte.","breadcrumb":{"@id":"https:\/\/balaguergutierrez.es\/index.php\/sobre-nosotros\/#breadcrumb"},"inLanguage":"es","potentialAction":[{"@type":"ReadAction","target":["https:\/\/balaguergutierrez.es\/index.php\/sobre-nosotros\/"]}]},{"@type":"ImageObject","inLanguage":"es","@id":"https:\/\/balaguergutierrez.es\/index.php\/sobre-nosotros\/#primaryimage","url":"https:\/\/balaguergutierrez.es\/wp-content\/uploads\/2025\/03\/equipo-balaguer-gutierrez-oficina.jpg-e1741451326621.webp","contentUrl":"https:\/\/balaguergutierrez.es\/wp-content\/uploads\/2025\/03\/equipo-balaguer-gutierrez-oficina.jpg-e1741451326621.webp","width":700,"height":201,"caption":"Equipo de Balaguer & Guti\u00e9rrez en su oficina privada en Mallorca, trabajando en asesoramiento de seguros y consultor\u00eda"},{"@type":"BreadcrumbList","@id":"https:\/\/balaguergutierrez.es\/index.php\/sobre-nosotros\/#breadcrumb","itemListElement":[{"@type":"ListItem","position":1,"name":"Portada","item":"https:\/\/balaguergutierrez.es\/"},{"@type":"ListItem","position":2,"name":"Sobre Nosotros"}]},{"@type":"WebSite","@id":"https:\/\/balaguergutierrez.es\/#website","url":"https:\/\/balaguergutierrez.es\/","name":"Balaguer & Guti\u00e9rrez, Corredur\u00eda de Seguros","description":"Aseguramos lo que de verdad importa","publisher":{"@id":"https:\/\/balaguergutierrez.es\/#organization"},"potentialAction":[{"@type":"SearchAction","target":{"@type":"EntryPoint","urlTemplate":"https:\/\/balaguergutierrez.es\/?s={search_term_string}"},"query-input":{"@type":"PropertyValueSpecification","valueRequired":true,"valueName":"search_term_string"}}],"inLanguage":"es"},{"@type":"Organization","@id":"https:\/\/balaguergutierrez.es\/#organization","name":"Balaguer & Guti\u00e9rrez SL","url":"https:\/\/balaguergutierrez.es\/","logo":{"@type":"ImageObject","inLanguage":"es","@id":"https:\/\/balaguergutierrez.es\/#\/schema\/logo\/image\/","url":"https:\/\/balaguergutierrez.es\/wp-content\/uploads\/2023\/03\/bg2014-Personalizado-1.png","contentUrl":"https:\/\/balaguergutierrez.es\/wp-content\/uploads\/2023\/03\/bg2014-Personalizado-1.png","width":300,"height":56,"caption":"Balaguer & Guti\u00e9rrez SL"},"image":{"@id":"https:\/\/balaguergutierrez.es\/#\/schema\/logo\/image\/"},"sameAs":["https:\/\/www.facebook.com\/balaguergutierrezcs\/","https:\/\/www.instagram.com\/balaguergutierrezsl\/"]}]}},"_links":{"self":[{"href":"https:\/\/balaguergutierrez.es\/index.php\/wp-json\/wp\/v2\/pages\/623","targetHints":{"allow":["GET"]}}],"collection":[{"href":"https:\/\/balaguergutierrez.es\/index.php\/wp-json\/wp\/v2\/pages"}],"about":[{"href":"https:\/\/balaguergutierrez.es\/index.php\/wp-json\/wp\/v2\/types\/page"}],"author":[{"embeddable":true,"href":"https:\/\/balaguergutierrez.es\/index.php\/wp-json\/wp\/v2\/users\/1"}],"replies":[{"embeddable":true,"href":"https:\/\/balaguergutierrez.es\/index.php\/wp-json\/wp\/v2\/comments?post=623"}],"version-history":[{"count":3,"href":"https:\/\/balaguergutierrez.es\/index.php\/wp-json\/wp\/v2\/pages\/623\/revisions"}],"predecessor-version":[{"id":1080,"href":"https:\/\/balaguergutierrez.es\/index.php\/wp-json\/wp\/v2\/pages\/623\/revisions\/1080"}],"wp:featuredmedia":[{"embeddable":true,"href":"https:\/\/balaguergutierrez.es\/index.php\/wp-json\/wp\/v2\/media\/1077"}],"wp:attachment":[{"href":"https:\/\/balaguergutierrez.es\/index.php\/wp-json\/wp\/v2\/media?parent=623"}],"curies":[{"name":"wp","href":"https:\/\/api.w.org\/{rel}","templated":true}]}}